{"id":2988,"date":"2023-11-12T14:24:16","date_gmt":"2023-11-12T13:24:16","guid":{"rendered":"https:\/\/titus.ch\/declaration-de-protection-des-donnees\/"},"modified":"2023-11-12T15:38:49","modified_gmt":"2023-11-12T14:38:49","slug":"declaration-de-protection-des-donnees","status":"publish","type":"page","link":"https:\/\/titus.ch\/fr\/declaration-de-protection-des-donnees\/","title":{"rendered":"D\u00e9claration de protection des donn\u00e9es"},"content":{"rendered":"<p><strong>Personne responsable<\/strong><\/p>\n<p><b><\/b>Titus Sprenger<br \/>Chemin du Seeland 17<br \/>CH-2503 Biel\/Bienne<\/p>\n<p><strong>G\u00e9n\u00e9ralit\u00e9s \/ Introduction<\/strong><\/p>\n<p>En vertu de l&rsquo;article 13 de la Constitution f\u00e9d\u00e9rale suisse et des dispositions f\u00e9d\u00e9rales relatives \u00e0 la protection des donn\u00e9es (loi sur la protection des donn\u00e9es, LPD), toute personne a droit \u00e0 la protection de sa sph\u00e8re priv\u00e9e ainsi qu&rsquo;\u00e0 la protection contre l&#8217;emploi abusif de ses donn\u00e9es personnelles. L&rsquo;exploitant de ces pages prend la protection de vos donn\u00e9es personnelles tr\u00e8s au s\u00e9rieux. Il traite vos donn\u00e9es personnelles de mani\u00e8re confidentielle et conform\u00e9ment aux dispositions l\u00e9gales en mati\u00e8re de protection des donn\u00e9es ainsi qu&rsquo;\u00e0 la pr\u00e9sente d\u00e9claration de protection des donn\u00e9es.<\/p>\n<p>En collaboration avec mon fournisseur d&rsquo;h\u00e9bergement, je m&rsquo;efforce de prot\u00e9ger autant que possible les bases de donn\u00e9es contre tout acc\u00e8s non autoris\u00e9, toute perte, tout abus ou toute falsification.<\/p>\n<p>J&rsquo;informe que la transmission de donn\u00e9es sur Internet (par ex. lors de la communication par e-mail) peut pr\u00e9senter des failles de s\u00e9curit\u00e9. Une protection sans faille des donn\u00e9es contre l&rsquo;acc\u00e8s par des tiers n&rsquo;est pas possible.<\/p>\n<p>En utilisant ce site web, vous acceptez la collecte, le traitement et l&rsquo;utilisation des donn\u00e9es conform\u00e9ment \u00e0 la description ci-dessous. Ce site web peut en principe \u00eatre visit\u00e9 sans enregistrement. Les donn\u00e9es telles que les pages consult\u00e9es ou les noms des fichiers appel\u00e9s, la date et l&rsquo;heure sont enregistr\u00e9es sur le serveur \u00e0 des fins statistiques, sans que ces donn\u00e9es soient directement li\u00e9es \u00e0 votre personne. Dans la mesure o\u00f9 des donn\u00e9es personnelles (par exemple le nom ou l&rsquo;adresse e-mail) sont collect\u00e9es sur nos pages, cela se fait toujours, dans la mesure du possible, sur une base volontaire. Ces donn\u00e9es ne sont pas transmises \u00e0 des tiers sans votre accord explicite.<\/p>\n<p><strong>Avec cryptage SSL\/TLS<\/strong><\/p>\n<p>Pour des raisons de s\u00e9curit\u00e9 et pour prot\u00e9ger la transmission de contenus confidentiels, comme par exemple les demandes que vous m&rsquo;envoyez en tant qu&rsquo;exploitant du site, ce site utilise un cryptage SSL\/TLS. Vous reconnaissez une connexion crypt\u00e9e au fait que la ligne d&rsquo;adresse du navigateur passe de \u00ab\u00a0http:\/\/\u00a0\u00bb \u00e0 \u00ab\u00a0https:\/\/\u00a0\u00bb et au symbole du cadenas dans la ligne de votre navigateur.<\/p>\n<p>Si le cryptage SSL ou TLS est activ\u00e9, les donn\u00e9es que vous me transmettez ne peuvent pas \u00eatre lues par des tiers.<\/p>\n<p><strong>Formulaire de contact<\/strong><\/p>\n<p>Si vous me faites parvenir des demandes par le biais du formulaire de contact, vos donn\u00e9es du formulaire de demande, y compris les donn\u00e9es de contact que vous y avez indiqu\u00e9es, sont enregistr\u00e9es chez moi \u00e0 des fins de traitement de la demande et en cas de questions de suivi. Je ne transmettrai pas ces donn\u00e9es sans votre consentement.<\/p>\n<p><strong>Clause de non-responsabilit\u00e9<\/strong><\/p>\n<p>Toutes les informations figurant sur notre site Internet ont \u00e9t\u00e9 soigneusement v\u00e9rifi\u00e9es. Je m&rsquo;efforce de veiller \u00e0 ce que les informations que je mets \u00e0 disposition soient actuelles, correctes et compl\u00e8tes. Toutefois, l&rsquo;apparition d&rsquo;erreurs ne peut pas \u00eatre totalement exclue, de sorte que je ne peux pas garantir l&rsquo;exhaustivit\u00e9, l&rsquo;exactitude et l&rsquo;actualit\u00e9 des informations, m\u00eame de nature journalistique et r\u00e9dactionnelle. Toute pr\u00e9tention en responsabilit\u00e9 se rapportant \u00e0 des dommages mat\u00e9riels ou immat\u00e9riels caus\u00e9s par l&rsquo;utilisation ou la non-utilisation des informations pr\u00e9sent\u00e9es ou par l&rsquo;utilisation d&rsquo;informations erron\u00e9es ou incompl\u00e8tes est fondamentalement exclue.<br \/>L&rsquo;\u00e9diteur peut modifier ou supprimer des textes \u00e0 sa discr\u00e9tion et sans pr\u00e9avis et n&rsquo;est pas tenu de mettre \u00e0 jour le contenu de ce site. L&rsquo;utilisation de ce site web ou l&rsquo;acc\u00e8s \u00e0 celui-ci se fait aux risques et p\u00e9rils de la personne qui le consulte. L&rsquo;\u00e9diteur, ses clients ou partenaires ne sont pas responsables des dommages, tels que les dommages directs, indirects, accidentels ou cons\u00e9cutifs, pr\u00e9tendument caus\u00e9s par la visite de ce site web et n&rsquo;assument par cons\u00e9quent aucune responsabilit\u00e9 pour de tels dommages.<\/p>\n<p>L&rsquo;\u00e9diteur n&rsquo;assume pas non plus de responsabilit\u00e9 ou d&rsquo;obligation quant au contenu et \u00e0 la disponibilit\u00e9 des sites web de tiers accessibles par des liens externes \u00e0 partir de ce site web. Seuls les exploitants de ces sites sont responsables de leur contenu. L&rsquo;\u00e9diteur se distancie donc express\u00e9ment de tous les contenus \u00e9trangers qui pourraient \u00e9ventuellement relever du droit p\u00e9nal ou de la responsabilit\u00e9 civile ou qui pourraient \u00eatre contraires aux bonnes m\u0153urs.<\/p>\n<p><strong>Google reCAPTCHA<\/strong><\/p>\n<p>Ce site utilise le service reCAPTCHA de Google Ireland Limited (Gordon House, Barrow Street Dublin 4, Irlande \u00ab\u00a0Google\u00a0\u00bb). La requ\u00eate sert \u00e0 distinguer si la saisie est effectu\u00e9e par un \u00eatre humain ou par un traitement automatis\u00e9 et m\u00e9canique. La requ\u00eate implique la transmission \u00e0 Google de l&rsquo;adresse IP et, le cas \u00e9ch\u00e9ant, d&rsquo;autres donn\u00e9es requises par Google pour le service reCAPTCHA. \u00c0 cette fin, votre saisie est transmise \u00e0 Google et y est utilis\u00e9e. Votre adresse IP sera toutefois abr\u00e9g\u00e9e au pr\u00e9alable par Google dans les \u00c9tats membres de l&rsquo;Union europ\u00e9enne ou dans d&rsquo;autres \u00c9tats signataires de l&rsquo;accord sur l&rsquo;Espace \u00e9conomique europ\u00e9en. L&rsquo;adresse IP compl\u00e8te n&rsquo;est transmise \u00e0 un serveur que dans des cas exceptionnels. Google utilisera ces informations pour le compte de l&rsquo;exploitant de ce site web afin d&rsquo;\u00e9valuer votre utilisation de ce service. L&rsquo;adresse IP transmise par votre navigateur dans le cadre de reCaptcha ne sera pas recoup\u00e9e avec d&rsquo;autres donn\u00e9es de Google. Vos donn\u00e9es peuvent alors \u00e9galement \u00eatre transmises aux \u00c9tats-Unis. Pour les transferts de donn\u00e9es vers les \u00c9tats-Unis, il existe une d\u00e9cision d&rsquo;ad\u00e9quation de la Commission europ\u00e9enne, le \u00ab\u00a0Privacy Shield\u00a0\u00bb. Google participe au \u00ab\u00a0Privacy Shield\u00a0\u00bb et s&rsquo;est soumis \u00e0 ses exigences. En cliquant sur la demande, vous acceptez le traitement de vos donn\u00e9es. Le traitement est effectu\u00e9 sur la base de l&rsquo;art. 6 (1) lettre a du RGPD avec votre consentement. Vous pouvez r\u00e9voquer votre consentement \u00e0 tout moment, sans que la l\u00e9galit\u00e9 du traitement effectu\u00e9 sur la base du consentement jusqu&rsquo;\u00e0 la r\u00e9vocation n&rsquo;en soit affect\u00e9e.<\/p>\n<p>Vous trouverez de plus amples informations sur Google reCAPTCHA et les dispositions relatives \u00e0 la protection des donn\u00e9es correspondantes sous : https:\/\/policies.google.com\/privacy?hl=fr<\/p>\n<p><strong>Google WebFonts<\/strong><\/p>\n<p>Ce site utilise, pour l&rsquo;affichage uniforme des polices de caract\u00e8res, ce que l&rsquo;on appelle des Webfonts, qui sont mis \u00e0 disposition par Google. Lorsque vous consultez une page, votre navigateur charge les Web Fonts n\u00e9cessaires dans le cache de son navigateur afin d&rsquo;afficher correctement les textes et les polices. Si votre navigateur ne prend pas en charge les polices web, une police standard est utilis\u00e9e par votre ordinateur.<\/p>\n<p>Vous trouverez plus d&rsquo;informations sur Google Web Fonts sur https:\/\/developers.google.com\/fonts\/faq et dans les r\u00e8gles de confidentialit\u00e9 de Google : https:\/\/www.google.com\/policies\/privacy\/<\/p>\n<p><strong>Polices Adobe<\/strong><\/p>\n<p>Nous utilisons Adobe Fonts pour la conception visuelle de notre site web. Adobe Fonts est un service d&rsquo;Adobe Systems Incorporated, 345 Park Avenue, San Jose, CA 95110-2704, \u00c9tats-Unis (Adobe), qui nous permet d&rsquo;acc\u00e9der \u00e0 une biblioth\u00e8que de polices. Pour int\u00e9grer les polices que nous utilisons, ton navigateur doit se connecter \u00e0 un serveur Adobe aux \u00c9tats-Unis et t\u00e9l\u00e9charger la police requise pour notre site web. Adobe re\u00e7oit ainsi l&rsquo;information que notre site web a \u00e9t\u00e9 consult\u00e9 via ton adresse IP. Tu trouveras plus d&rsquo;informations sur les polices Adobe dans la politique de confidentialit\u00e9 d&rsquo;Adobe, que tu peux consulter ici : https:\/\/www.adobe.com\/de\/privacy\/policy.html<\/p>\n<p><strong>Clause de non-responsabilit\u00e9<\/strong><\/p>\n<p>L&rsquo;auteur ne garantit pas l&rsquo;exactitude, la pr\u00e9cision, l&rsquo;actualit\u00e9, la fiabilit\u00e9 et l&rsquo;exhaustivit\u00e9 des informations.<\/p>\n<p>L&rsquo;auteur ne saurait \u00eatre tenu pour responsable des dommages mat\u00e9riels ou immat\u00e9riels qui pourraient \u00eatre caus\u00e9s par l&rsquo;acc\u00e8s aux informations diffus\u00e9es ou par leur utilisation ou non-utilisation, par le mauvais usage de la connexion ou par des probl\u00e8mes techniques.<\/p>\n<p>Toutes les offres sont sans engagement. L&rsquo;auteur se r\u00e9serve express\u00e9ment le droit de modifier, de compl\u00e9ter ou de supprimer des parties de pages ou l&rsquo;ensemble de l&rsquo;offre sans avis pr\u00e9alable, ou d&rsquo;en suspendre temporairement ou d\u00e9finitivement la publication.<\/p>\n","protected":false},"excerpt":{"rendered":"<p>Personne responsable Titus SprengerChemin du Seeland 17CH-2503 Biel\/Bienne G\u00e9n\u00e9ralit\u00e9s \/ Introduction En vertu de l&rsquo;article 13 de la Constitution f\u00e9d\u00e9rale suisse et des dispositions f\u00e9d\u00e9rales relatives \u00e0 la protection des donn\u00e9es (loi sur la protection des donn\u00e9es, LPD), toute personne a droit \u00e0 la protection de sa sph\u00e8re priv\u00e9e ainsi qu&rsquo;\u00e0 la protection contre l&#8217;emploi &hellip; <a href=\"https:\/\/titus.ch\/fr\/declaration-de-protection-des-donnees\/\" class=\"more-link\">Continuer la lecture<span class=\"screen-reader-text\"> de &laquo;&nbsp;D\u00e9claration de protection des donn\u00e9es&nbsp;&raquo;<\/span><\/a><\/p>\n","protected":false},"author":1,"featured_media":0,"parent":0,"menu_order":0,"comment_status":"closed","ping_status":"closed","template":"","meta":{"footnotes":""},"class_list":["post-2988","page","type-page","status-publish","hentry"],"_links":{"self":[{"href":"https:\/\/titus.ch\/fr\/wp-json\/wp\/v2\/pages\/2988","targetHints":{"allow":["GET"]}}],"collection":[{"href":"https:\/\/titus.ch\/fr\/wp-json\/wp\/v2\/pages"}],"about":[{"href":"https:\/\/titus.ch\/fr\/wp-json\/wp\/v2\/types\/page"}],"author":[{"embeddable":true,"href":"https:\/\/titus.ch\/fr\/wp-json\/wp\/v2\/users\/1"}],"replies":[{"embeddable":true,"href":"https:\/\/titus.ch\/fr\/wp-json\/wp\/v2\/comments?post=2988"}],"version-history":[{"count":1,"href":"https:\/\/titus.ch\/fr\/wp-json\/wp\/v2\/pages\/2988\/revisions"}],"predecessor-version":[{"id":2989,"href":"https:\/\/titus.ch\/fr\/wp-json\/wp\/v2\/pages\/2988\/revisions\/2989"}],"wp:attachment":[{"href":"https:\/\/titus.ch\/fr\/wp-json\/wp\/v2\/media?parent=2988"}],"curies":[{"name":"wp","href":"https:\/\/api.w.org\/{rel}","templated":true}]}}