{"id":3120,"date":"2024-02-06T10:38:49","date_gmt":"2024-02-06T09:38:49","guid":{"rendered":"https:\/\/titus.ch\/transformation\/"},"modified":"2024-02-06T10:53:04","modified_gmt":"2024-02-06T09:53:04","slug":"transformation","status":"publish","type":"page","link":"https:\/\/titus.ch\/fr\/","title":{"rendered":"Transformation"},"content":{"rendered":"\n<p>Merci d&rsquo;avoir visit\u00e9 mon site. Malheureusement, je suis en train de transformer ce site. Merci de ta patience et de ta visite \u00e0 une date ult\u00e9rieure !<\/p>\n","protected":false},"excerpt":{"rendered":"<p>Merci d&rsquo;avoir visit\u00e9 mon site. Malheureusement, je suis en train de transformer ce site. Merci de ta patience et de ta visite \u00e0 une date ult\u00e9rieure !<\/p>\n","protected":false},"author":1,"featured_media":0,"parent":0,"menu_order":0,"comment_status":"closed","ping_status":"closed","template":"","meta":{"footnotes":""},"class_list":["post-3120","page","type-page","status-publish","hentry"],"_links":{"self":[{"href":"https:\/\/titus.ch\/fr\/wp-json\/wp\/v2\/pages\/3120","targetHints":{"allow":["GET"]}}],"collection":[{"href":"https:\/\/titus.ch\/fr\/wp-json\/wp\/v2\/pages"}],"about":[{"href":"https:\/\/titus.ch\/fr\/wp-json\/wp\/v2\/types\/page"}],"author":[{"embeddable":true,"href":"https:\/\/titus.ch\/fr\/wp-json\/wp\/v2\/users\/1"}],"replies":[{"embeddable":true,"href":"https:\/\/titus.ch\/fr\/wp-json\/wp\/v2\/comments?post=3120"}],"version-history":[{"count":3,"href":"https:\/\/titus.ch\/fr\/wp-json\/wp\/v2\/pages\/3120\/revisions"}],"predecessor-version":[{"id":3123,"href":"https:\/\/titus.ch\/fr\/wp-json\/wp\/v2\/pages\/3120\/revisions\/3123"}],"wp:attachment":[{"href":"https:\/\/titus.ch\/fr\/wp-json\/wp\/v2\/media?parent=3120"}],"curies":[{"name":"wp","href":"https:\/\/api.w.org\/{rel}","templated":true}]}}